{"id":23,"date":"2026-05-01T13:56:18","date_gmt":"2026-05-01T13:56:18","guid":{"rendered":"https:\/\/webnhom4.io.vn\/?page_id=23"},"modified":"2026-05-01T19:12:56","modified_gmt":"2026-05-01T19:12:56","slug":"trang-chu-2","status":"publish","type":"page","link":"https:\/\/webnhom4.io.vn\/","title":{"rendered":"Trang ch\u1ee7"},"content":{"rendered":"<div class=\"slider-wrapper relative\" id=\"slider-1627198416\" >\n    <div class=\"slider slider-nav-circle slider-nav-large slider-nav-light slider-style-normal\"\n        data-flickity-options='{\n            \"cellAlign\": \"center\",\n            \"imagesLoaded\": true,\n            \"lazyLoad\": 1,\n            \"freeScroll\": false,\n            \"wrapAround\": true,\n            \"autoPlay\": 6000,\n            \"pauseAutoPlayOnHover\" : true,\n            \"prevNextButtons\": true,\n            \"contain\" : true,\n            \"adaptiveHeight\" : true,\n            \"dragThreshold\" : 10,\n            \"percentPosition\": true,\n            \"pageDots\": true,\n            \"rightToLeft\": false,\n            \"draggable\": true,\n            \"selectedAttraction\": 0.1,\n            \"parallax\" : 0,\n            \"friction\": 0.6        }'\n        >\n        \n\n  <div class=\"banner has-hover\" id=\"banner-558471564\">\n          <div class=\"banner-inner fill\">\n        <div class=\"banner-bg fill\" >\n            <div class=\"bg fill bg-fill \"><\/div>\n                                    \n                    <\/div>\n\t\t\n        <div class=\"banner-layers container\">\n            <div class=\"fill banner-link\"><\/div>            \n   <div id=\"text-box-454162045\" class=\"text-box banner-layer x50 md-x50 lg-x50 y50 md-y50 lg-y50 res-text\">\n                                <div class=\"text-box-content text dark\">\n              \n              <div class=\"text-inner text-center\">\n                  \n<h2><strong \n class=\"pacifico\">TH\u1ef0C PH\u1ea8M H\u1eeeU C\u01a0<\/strong><\/h2>\n<h3>T\u1ed1t cho s\u1ee9c kh\u1ecfe, t\u1ed1t cho cu\u1ed9c s\u1ed1ng<\/h3>\n              <\/div>\n           <\/div>\n                            \n<style>\n#text-box-454162045 {\n  width: 60%;\n}\n#text-box-454162045 .text-box-content {\n  font-size: 100%;\n}\n<\/style>\n    <\/div>\n \n        <\/div>\n      <\/div>\n\n            \n<style>\n#banner-558471564 {\n  padding-top: 40%;\n}\n#banner-558471564 .bg.bg-loaded {\n  background-image: url(https:\/\/webnhom4.io.vn\/wp-content\/uploads\/2026\/05\/ms_banner_img1-1024x640.jpg);\n}\n<\/style>\n  <\/div>\n\n\n\n  <div class=\"banner has-hover\" id=\"banner-377964015\">\n          <div class=\"banner-inner fill\">\n        <div class=\"banner-bg fill\" >\n            <div class=\"bg fill bg-fill \"><\/div>\n                                    \n                    <\/div>\n\t\t\n        <div class=\"banner-layers container\">\n            <div class=\"fill banner-link\"><\/div>            \n   <div id=\"text-box-2123988199\" class=\"text-box banner-layer x50 md-x50 lg-x50 y50 md-y50 lg-y50 res-text\">\n                                <div class=\"text-box-content text dark\">\n              \n              <div class=\"text-inner text-center\">\n                  \n<h2><strong \n class=\"pacifico\">TH\u1ef0C PH\u1ea8M H\u1eeeU C\u01a0<\/strong><\/h2>\n<h3>T\u1ed1t cho s\u1ee9c kh\u1ecfe, t\u1ed1t cho cu\u1ed9c s\u1ed1ng<\/h3>\n              <\/div>\n           <\/div>\n                            \n<style>\n#text-box-2123988199 {\n  width: 60%;\n}\n#text-box-2123988199 .text-box-content {\n  font-size: 100%;\n}\n<\/style>\n    <\/div>\n \n        <\/div>\n      <\/div>\n\n            \n<style>\n#banner-377964015 {\n  padding-top: 40%;\n}\n#banner-377964015 .bg.bg-loaded {\n  background-image: url(https:\/\/webnhom4.io.vn\/wp-content\/uploads\/2026\/05\/ms_banner_img3-1024x640.jpg);\n}\n<\/style>\n  <\/div>\n\n\n\n  <div class=\"banner has-hover\" id=\"banner-210480490\">\n          <div class=\"banner-inner fill\">\n        <div class=\"banner-bg fill\" >\n            <div class=\"bg fill bg-fill \"><\/div>\n                                    \n                    <\/div>\n\t\t\n        <div class=\"banner-layers container\">\n            <div class=\"fill banner-link\"><\/div>            \n   <div id=\"text-box-71514888\" class=\"text-box banner-layer x50 md-x50 lg-x50 y50 md-y50 lg-y50 res-text\">\n                                <div class=\"text-box-content text dark\">\n              \n              <div class=\"text-inner text-center\">\n                  \n<h2><strong \n class=\"pacifico\">TH\u1ef0C PH\u1ea8M H\u1eeeU C\u01a0<\/strong><\/h2>\n<h3>T\u1ed1t cho s\u1ee9c kh\u1ecfe, t\u1ed1t cho cu\u1ed9c s\u1ed1ng<\/h3>\n              <\/div>\n           <\/div>\n                            \n<style>\n#text-box-71514888 {\n  width: 60%;\n}\n#text-box-71514888 .text-box-content {\n  font-size: 100%;\n}\n<\/style>\n    <\/div>\n \n        <\/div>\n      <\/div>\n\n            \n<style>\n#banner-210480490 {\n  padding-top: 40%;\n}\n#banner-210480490 .bg.bg-loaded {\n  background-image: url(https:\/\/webnhom4.io.vn\/wp-content\/uploads\/2026\/05\/ms_banner_img2-1024x640.jpg);\n}\n<\/style>\n  <\/div>\n\n\n     <\/div>\n\n     <div class=\"loading-spin dark large centered\"><\/div>\n\n\t<\/div>\n\n\n\t<section class=\"section\" id=\"section_1419808797\">\n\t\t<div class=\"bg section-bg fill bg-fill  bg-loaded\" >\n\n\t\t\t\n\t\t\t\n\t\t\t\n\n\t\t<\/div>\n\n\t\t\n\n\t\t<div class=\"section-content relative\">\n\t\t\t\n<div class=\"row\"  id=\"row-1992798157\">\n\n\t<div id=\"col-560871436\" class=\"col small-12 large-12\"  >\n\t\t\t\t<div class=\"col-inner\"  >\n\t\t\t\n\t\t\t\n<div class=\"container section-title-container page-title\" ><h4 class=\"section-title section-title-center\"><b><\/b><span class=\"section-title-main\" style=\"color:rgb(155, 202, 83);\">GI\u1edaI THI\u1ec6U<\/span><b><\/b><\/h4><\/div>\n\t\t<\/div>\n\t\t\t\t\t<\/div>\n\n\t\n\n\t<div id=\"col-905189872\" class=\"col medium-3 small-12 large-3\"  >\n\t\t\t\t<div class=\"col-inner\"  >\n\t\t\t\n\t\t\t\n\t<div class=\"box has-hover   has-hover box-text-bottom\" >\n\n\t\t<div class=\"box-image\" style=\"width:40%;\">\n\t\t\t\t\t\t<div class=\"\" >\n\t\t\t\t<img loading=\"lazy\" decoding=\"async\" width=\"70\" height=\"70\" src=\"https:\/\/webnhom4.io.vn\/wp-content\/uploads\/2026\/05\/hab_left_icon_1.png\" class=\"attachment- size-\" alt=\"\" \/>\t\t\t\t\t\t\t\t\t\t\t<\/div>\n\t\t\t\t\t<\/div>\n\n\t\t<div class=\"box-text text-center\" >\n\t\t\t<div class=\"box-text-inner\">\n\t\t\t\t\n<h3>100% t\u1eeb thi\u00ean nhi\u00ean<\/h3>\n<p>3 \u0111\u1eb7c \u0111i\u1ec3m l\u00e0m ch\u00fang t\u00f4i \u0111\u1eb7c bi\u1ec7t, kh\u00f4ng gi\u1ed1ng n\u01b0\u1edbc tr\u00e1i c\u00e2y th\u00f4ng th\u01b0\u1eddng: nguy\u00ean s\u01a1, t\u01b0\u01a1i m\u1edbi v\u00e0 nguy\u00ean ch\u1ea5t.<\/p>\n\t\t\t<\/div>\n\t\t<\/div>\n\t<\/div>\n\t\n\t<div class=\"box has-hover   has-hover box-text-bottom\" >\n\n\t\t<div class=\"box-image\" style=\"width:40%;\">\n\t\t\t\t\t\t<div class=\"\" >\n\t\t\t\t<img loading=\"lazy\" decoding=\"async\" width=\"70\" height=\"70\" src=\"https:\/\/webnhom4.io.vn\/wp-content\/uploads\/2026\/05\/hab_left_icon_2.png\" class=\"attachment- size-\" alt=\"\" \/>\t\t\t\t\t\t\t\t\t\t\t<\/div>\n\t\t\t\t\t<\/div>\n\n\t\t<div class=\"box-text text-center\" >\n\t\t\t<div class=\"box-text-inner\">\n\t\t\t\t\n<h3>Lu\u00f4n t\u01b0\u01a1i m\u1edbi<\/h3>\n<p>We care about what you eat. We want to produce food which nourishes your body and tastes delicious.<\/p>\n\t\t\t<\/div>\n\t\t<\/div>\n\t<\/div>\n\t\n\t\t<\/div>\n\t\t\t\t\t<\/div>\n\n\t\n\n\t<div id=\"col-1785978258\" class=\"col medium-6 small-12 large-6\"  >\n\t\t\t\t<div class=\"col-inner\"  >\n\t\t\t\n\t\t\t\n\t<div class=\"img has-hover x md-x lg-x y md-y lg-y\" id=\"image_184728587\">\n\t\t\t\t\t\t\t\t<div class=\"img-inner dark\" >\n\t\t\t<img loading=\"lazy\" decoding=\"async\" width=\"550\" height=\"600\" src=\"https:\/\/webnhom4.io.vn\/wp-content\/uploads\/2026\/05\/hab_center_img.jpg\" class=\"attachment-large size-large\" alt=\"\" srcset=\"https:\/\/webnhom4.io.vn\/wp-content\/uploads\/2026\/05\/hab_center_img.jpg 550w, https:\/\/webnhom4.io.vn\/wp-content\/uploads\/2026\/05\/hab_center_img-275x300.jpg 275w, https:\/\/webnhom4.io.vn\/wp-content\/uploads\/2026\/05\/hab_center_img-510x556.jpg 510w\" sizes=\"auto, (max-width: 550px) 100vw, 550px\" \/>\t\t\t\t\t\t\n\t\t\t\t\t<\/div>\n\t\t\t\t\t\t\t\t\n<style>\n#image_184728587 {\n  width: 100%;\n}\n<\/style>\n\t<\/div>\n\t\n\t\t<\/div>\n\t\t\t\t\t<\/div>\n\n\t\n\n\t<div id=\"col-1522879096\" class=\"col medium-3 small-12 large-3\"  >\n\t\t\t\t<div class=\"col-inner\"  >\n\t\t\t\n\t\t\t\n\t<div class=\"box has-hover   has-hover box-text-bottom\" >\n\n\t\t<div class=\"box-image\" style=\"width:40%;\">\n\t\t\t\t\t\t<div class=\"\" >\n\t\t\t\t<img loading=\"lazy\" decoding=\"async\" width=\"70\" height=\"69\" src=\"https:\/\/webnhom4.io.vn\/wp-content\/uploads\/2026\/05\/hab_right_icon_1.png\" class=\"attachment- size-\" alt=\"\" \/>\t\t\t\t\t\t\t\t\t\t\t<\/div>\n\t\t\t\t\t<\/div>\n\n\t\t<div class=\"box-text text-center\" >\n\t\t\t<div class=\"box-text-inner\">\n\t\t\t\t\n<h3>S\u1ea3n ph\u1ea9m t\u1ef1 nhi\u00ean<\/h3>\n<p>Tr\u00e1i c\u00e2y c\u1ee7a ch\u00fang t\u00f4i nguy\u00ean s\u01a1, nguy\u00ean ch\u1ea5t, kh\u00f4ng ti\u1ec7t tr\u00f9ng, gi\u1eef \u0111\u01b0\u1ee3c h\u01b0\u01a1ng v\u1ecb v\u00e0 ch\u1ea5t dinh d\u01b0\u1ee1ng tinh t\u1ebf c\u1ee7a tr\u00e1i c\u00e2y Vi\u1ec7t Nam.<\/p>\n\t\t\t<\/div>\n\t\t<\/div>\n\t<\/div>\n\t\n\t<div class=\"box has-hover   has-hover box-text-bottom\" >\n\n\t\t<div class=\"box-image\" style=\"width:40%;\">\n\t\t\t\t\t\t<div class=\"\" >\n\t\t\t\t<img loading=\"lazy\" decoding=\"async\" width=\"70\" height=\"70\" src=\"https:\/\/webnhom4.io.vn\/wp-content\/uploads\/2026\/05\/hab_right_icon_2.png\" class=\"attachment- size-\" alt=\"\" \/>\t\t\t\t\t\t\t\t\t\t\t<\/div>\n\t\t\t\t\t<\/div>\n\n\t\t<div class=\"box-text text-center\" >\n\t\t\t<div class=\"box-text-inner\">\n\t\t\t\t\n<h3>Nguy\u00ean ch\u1ea5t<\/h3>\n<p>We care about what you eat. We want to produce food which nourishes your body and tastes delicious.<\/p>\n\t\t\t<\/div>\n\t\t<\/div>\n\t<\/div>\n\t\n\t\t<\/div>\n\t\t\t\t\t<\/div>\n\n\t\n<\/div>\n\t\t<\/div>\n\n\t\t\n<style>\n#section_1419808797 {\n  padding-top: 30px;\n  padding-bottom: 30px;\n}\n<\/style>\n\t<\/section>\n\t\n\t<section class=\"section\" id=\"section_342430848\">\n\t\t<div class=\"bg section-bg fill bg-fill  \" >\n\n\t\t\t\n\t\t\t\n\t\t\t\n\n\t\t<\/div>\n\n\t\t\n\n\t\t<div class=\"section-content relative\">\n\t\t\t\n<div class=\"row\"  id=\"row-1782314208\">\n\n\t<div id=\"col-1271965830\" class=\"col small-12 large-12\"  >\n\t\t\t\t<div class=\"col-inner\"  >\n\t\t\t\n\t\t\t\n\n  <div class=\"banner has-hover\" id=\"banner-1578576325\">\n          <div class=\"banner-inner fill\">\n        <div class=\"banner-bg fill\" >\n            <div class=\"bg fill bg-fill \"><\/div>\n                                    \n\t<div class=\"is-border\"\n\t\tstyle=\"border-width:3px 3px 3px 3px;margin:90px 90px 90px 90px;\">\n\t<\/div>\n                    <\/div>\n\t\t\n        <div class=\"banner-layers container\">\n            <div class=\"fill banner-link\"><\/div>            \n   <div id=\"text-box-534888513\" class=\"text-box banner-layer x50 md-x50 lg-x50 y50 md-y50 lg-y50 res-text\">\n                                <div class=\"text-box-content text dark\">\n              \n              <div class=\"text-inner text-center\">\n                  \n<h3 \">TH\u1ef0C PH\u1ea8M T\u1ed0T<\/h3>\n<h2 class= \"uppercase\">C\u1ea3m x\u00fac vui<\/h2>\n<p> TH\u1ef0C PH\u1ea8M C\u1ee6A CH\u00daNG T\u00d4I LU\u00d4N T\u01af\u01a0I M\u1edaI, KH\u00d4NG CH\u1ea4T \u0110\u1ed8C H\u1ea0I<\/p>\n<a class=\"button primary\"  style=\"border-radius:25px;\">\n    <span>XEM CHI TI\u1ebeT<\/span>\n  <\/a>\n\n              <\/div>\n           <\/div>\n                            \n<style>\n#text-box-534888513 {\n  width: 60%;\n}\n#text-box-534888513 .text-box-content {\n  font-size: 100%;\n}\n<\/style>\n    <\/div>\n \n        <\/div>\n      <\/div>\n\n            \n<style>\n#banner-1578576325 {\n  padding-top: 500px;\n  background-color: rgba(255, 255, 255, 0.3);\n}\n<\/style>\n  <\/div>\n\n\n\t\t<\/div>\n\t\t\t\t\t<\/div>\n\n\t\n<\/div>\n\t\t<\/div>\n\n\t\t\n<style>\n#section_342430848 {\n  padding-top: 30px;\n  padding-bottom: 30px;\n}\n#section_342430848 .section-bg.bg-loaded {\n  background-image: url(https:\/\/webnhom4.io.vn\/wp-content\/uploads\/2026\/05\/hbanner1_bg_down.jpg);\n}\n<\/style>\n\t<\/section>\n\t\n\t<section class=\"section\" id=\"section_1764439050\">\n\t\t<div class=\"bg section-bg fill bg-fill  bg-loaded\" >\n\n\t\t\t\n\t\t\t\n\t\t\t\n\n\t\t<\/div>\n\n\t\t\n\n\t\t<div class=\"section-content relative\">\n\t\t\t\n<div class=\"container section-title-container page-title\" ><h4 class=\"section-title section-title-center\"><b><\/b><span class=\"section-title-main\" style=\"color:rgb(155, 202, 83);\">S\u1ea3n Ph\u1ea9m C\u1ee7a Ch\u00fang T\u00f4i<\/span><b><\/b><\/h4><\/div>\n<div class=\"row\"  id=\"row-1466061507\">\n\n\t<div id=\"col-778460179\" class=\"col small-12 large-12\"  >\n\t\t\t\t<div class=\"col-inner\"  >\n\t\t\t\n\t\t\t\n\n\t\t<div class=\"tabbed-content\">\n\t\t\t\n\t\t\t<ul class=\"nav nav-line-bottom nav-uppercase nav-size-normal nav-center\" role=\"tablist\"><li id=\"tab-detox-gi\u1ea2m-c\u00c2n\" class=\"tab active has-icon\" role=\"presentation\"><a href=\"#tab_detox-gi\u1ea2m-c\u00c2n\" role=\"tab\" aria-selected=\"true\" aria-controls=\"tab_detox-gi\u1ea2m-c\u00c2n\"><span>DETOX GI\u1ea2M C\u00c2N<\/span><\/a><\/li>\n<li id=\"tab-detox-beauty\" class=\"tab has-icon\" role=\"presentation\"><a href=\"#tab_detox-beauty\" tabindex=\"-1\" role=\"tab\" aria-selected=\"false\" aria-controls=\"tab_detox-beauty\"><span>DETOX BEAUTY<\/span><\/a><\/li>\n<li id=\"tab-d\u1eeaa-g\u1ecct-v\u1ece\" class=\"tab has-icon\" role=\"presentation\"><a href=\"#tab_d\u1eeaa-g\u1ecct-v\u1ece\" tabindex=\"-1\" role=\"tab\" aria-selected=\"false\" aria-controls=\"tab_d\u1eeaa-g\u1ecct-v\u1ece\"><span>D\u1eeaA G\u1eccT V\u1ece<\/span><\/a><\/li>\n<li id=\"tab-green-delight\" class=\"tab has-icon\" role=\"presentation\"><a href=\"#tab_green-delight\" tabindex=\"-1\" role=\"tab\" aria-selected=\"false\" aria-controls=\"tab_green-delight\"><span>GREEN DELIGHT<\/span><\/a><\/li><\/ul><div class=\"tab-panels\"><div id=\"tab_detox-gi\u1ea2m-c\u00c2n\" class=\"panel active entry-content\" role=\"tabpanel\" aria-labelledby=\"tab-detox-gi\u1ea2m-c\u00c2n\">\n\t\n  \n    <div class=\"row large-columns-4 medium-columns-3 small-columns-2 row-small slider row-slider slider-nav-reveal slider-nav-push\"  data-flickity-options='{\"imagesLoaded\": true, \"groupCells\": \"100%\", \"dragThreshold\" : 5, \"cellAlign\": \"left\",\"wrapAround\": true,\"prevNextButtons\": true,\"percentPosition\": true,\"pageDots\": false, \"rightToLeft\": false, \"autoPlay\" : false}' >\n\n  <\/div>\n<\/div>\n<div id=\"tab_detox-beauty\" class=\"panel entry-content\" role=\"tabpanel\" aria-labelledby=\"tab-detox-beauty\">\n\t\n  \n    <div class=\"row large-columns-4 medium-columns-3 small-columns-2 row-small slider row-slider slider-nav-simple slider-nav-push\"  data-flickity-options='{\"imagesLoaded\": true, \"groupCells\": \"100%\", \"dragThreshold\" : 5, \"cellAlign\": \"left\",\"wrapAround\": true,\"prevNextButtons\": true,\"percentPosition\": true,\"pageDots\": false, \"rightToLeft\": false, \"autoPlay\" : false}' >\n\n  \n\t     <div class=\"product-small col has-hover product type-product post-78 status-publish first instock product_cat-detox-beauty has-post-thumbnail sale shipping-taxable purchasable product-type-simple\">\n\t<div class=\"col-inner\">\n\t\n<div class=\"badge-container absolute left top z-1\">\n<div class=\"callout badge badge-circle\"><div class=\"badge-inner secondary on-sale\"><span class=\"onsale\">Sale!<\/span><\/div><\/div>\n<\/div>\n\t<div class=\"product-small box \">\n\t\t<div class=\"box-image\">\n\t\t\t<div class=\"image-fade_in_back\">\n\t\t\t\t<a href=\"https:\/\/webnhom4.io.vn\/?product=beauty-drink-cai-xoan-tao-xanh\" aria-label=\"BEAUTY DRINK C\u1ea2I XO\u0102N, T\u00c1O XANH\">\n\t\t\t\t\t<img loading=\"lazy\" decoding=\"async\" width=\"247\" height=\"296\" src=\"https:\/\/webnhom4.io.vn\/wp-content\/uploads\/2026\/05\/banner-cat-4-247x296.jpg\" class=\"attachment-woocommerce_thumbnail size-woocommerce_thumbnail\" alt=\"BEAUTY DRINK C\u1ea2I XO\u0102N, T\u00c1O XANH\" \/>\t\t\t\t<\/a>\n\t\t\t<\/div>\n\t\t\t<div class=\"image-tools is-small top right show-on-hover\">\n\t\t\t\t\t\t\t<\/div>\n\t\t\t<div class=\"image-tools is-small hide-for-small bottom left show-on-hover\">\n\t\t\t\t\t\t\t<\/div>\n\t\t\t<div class=\"image-tools grid-tools text-center hide-for-small bottom hover-slide-in show-on-hover\">\n\t\t\t\t  <a class=\"quick-view\" data-prod=\"78\" href=\"#quick-view\">Quick View<\/a>\t\t\t<\/div>\n\t\t\t\t\t<\/div>\n\n\t\t<div class=\"box-text box-text-products\">\n\t\t\t<div class=\"title-wrapper\"><p class=\"name product-title woocommerce-loop-product__title\"><a href=\"https:\/\/webnhom4.io.vn\/?product=beauty-drink-cai-xoan-tao-xanh\" class=\"woocommerce-LoopProduct-link woocommerce-loop-product__link\">BEAUTY DRINK C\u1ea2I XO\u0102N, T\u00c1O XANH<\/a><\/p><\/div><div class=\"price-wrapper\">\n\t<span class=\"price\"><del aria-hidden=\"true\"><span class=\"woocommerce-Price-amount amount\"><bdi>100.000&nbsp;<span class=\"woocommerce-Price-currencySymbol\">&#8363;<\/span><\/bdi><\/span><\/del> <span class=\"screen-reader-text\">Original price was: 100.000&nbsp;&#8363;.<\/span><ins aria-hidden=\"true\"><span class=\"woocommerce-Price-amount amount\"><bdi>65.000&nbsp;<span class=\"woocommerce-Price-currencySymbol\">&#8363;<\/span><\/bdi><\/span><\/ins><span class=\"screen-reader-text\">Current price is: 65.000&nbsp;&#8363;.<\/span><\/span>\n<\/div>\t\t<\/div>\n\t<\/div>\n\t\t<\/div>\n<\/div><\/div>\n<\/div>\n<div id=\"tab_d\u1eeaa-g\u1ecct-v\u1ece\" class=\"panel entry-content\" role=\"tabpanel\" aria-labelledby=\"tab-d\u1eeaa-g\u1ecct-v\u1ece\">\n\t\n  \n    <div class=\"row large-columns-4 medium-columns-3 small-columns-2 row-small slider row-slider slider-nav-reveal slider-nav-push\"  data-flickity-options='{\"imagesLoaded\": true, \"groupCells\": \"100%\", \"dragThreshold\" : 5, \"cellAlign\": \"left\",\"wrapAround\": true,\"prevNextButtons\": true,\"percentPosition\": true,\"pageDots\": false, \"rightToLeft\": false, \"autoPlay\" : false}' >\n\n  \n\t     <div class=\"product-small col has-hover product type-product post-75 status-publish instock product_cat-dua-got-vo product_cat-uncategorized has-post-thumbnail sold-individually shipping-taxable purchasable product-type-variable\">\n\t<div class=\"col-inner\">\n\t\n<div class=\"badge-container absolute left top z-1\">\n\n<\/div>\n\t<div class=\"product-small box \">\n\t\t<div class=\"box-image\">\n\t\t\t<div class=\"image-fade_in_back\">\n\t\t\t\t<a href=\"https:\/\/webnhom4.io.vn\/?product=dua-got-vo\" aria-label=\"D\u1eeba g\u1ecdt v\u1ecf Diamond-shaped\">\n\t\t\t\t\t<img loading=\"lazy\" decoding=\"async\" width=\"247\" height=\"296\" src=\"https:\/\/webnhom4.io.vn\/wp-content\/uploads\/2026\/05\/dua-2-247x296.png\" class=\"attachment-woocommerce_thumbnail size-woocommerce_thumbnail\" alt=\"D\u1eeba g\u1ecdt v\u1ecf Diamond-shaped\" \/>\t\t\t\t<\/a>\n\t\t\t<\/div>\n\t\t\t<div class=\"image-tools is-small top right show-on-hover\">\n\t\t\t\t\t\t\t<\/div>\n\t\t\t<div class=\"image-tools is-small hide-for-small bottom left show-on-hover\">\n\t\t\t\t\t\t\t<\/div>\n\t\t\t<div class=\"image-tools grid-tools text-center hide-for-small bottom hover-slide-in show-on-hover\">\n\t\t\t\t  <a class=\"quick-view\" data-prod=\"75\" href=\"#quick-view\">Quick View<\/a>\t\t\t<\/div>\n\t\t\t\t\t<\/div>\n\n\t\t<div class=\"box-text box-text-products\">\n\t\t\t<div class=\"title-wrapper\"><p class=\"name product-title woocommerce-loop-product__title\"><a href=\"https:\/\/webnhom4.io.vn\/?product=dua-got-vo\" class=\"woocommerce-LoopProduct-link woocommerce-loop-product__link\">D\u1eeba g\u1ecdt v\u1ecf Diamond-shaped<\/a><\/p><\/div><div class=\"price-wrapper\">\n\t<span class=\"price\"><span class=\"woocommerce-Price-amount amount\"><bdi>60.000&nbsp;<span class=\"woocommerce-Price-currencySymbol\">&#8363;<\/span><\/bdi><\/span><\/span>\n<\/div>\t\t<\/div>\n\t<\/div>\n\t\t<\/div>\n<\/div><\/div>\n<\/div>\n<div id=\"tab_green-delight\" class=\"panel entry-content\" role=\"tabpanel\" aria-labelledby=\"tab-green-delight\">\n<\/div><\/div><\/div>\n\t\t<\/div>\n\t\t\t\t\t<\/div>\n\n\t\n<\/div>\n\t\t<\/div>\n\n\t\t\n<style>\n#section_1764439050 {\n  padding-top: 30px;\n  padding-bottom: 30px;\n}\n<\/style>\n\t<\/section>\n\t\n","protected":false},"excerpt":{"rendered":"","protected":false},"author":1,"featured_media":0,"parent":0,"menu_order":0,"comment_status":"closed","ping_status":"closed","template":"page-transparent-header-light.php","meta":{"footnotes":""},"class_list":["post-23","page","type-page","status-publish","hentry"],"_links":{"self":[{"href":"https:\/\/webnhom4.io.vn\/index.php?rest_route=\/wp\/v2\/pages\/23","targetHints":{"allow":["GET"]}}],"collection":[{"href":"https:\/\/webnhom4.io.vn\/index.php?rest_route=\/wp\/v2\/pages"}],"about":[{"href":"https:\/\/webnhom4.io.vn\/index.php?rest_route=\/wp\/v2\/types\/page"}],"author":[{"embeddable":true,"href":"https:\/\/webnhom4.io.vn\/index.php?rest_route=\/wp\/v2\/users\/1"}],"replies":[{"embeddable":true,"href":"https:\/\/webnhom4.io.vn\/index.php?rest_route=%2Fwp%2Fv2%2Fcomments&post=23"}],"version-history":[{"count":13,"href":"https:\/\/webnhom4.io.vn\/index.php?rest_route=\/wp\/v2\/pages\/23\/revisions"}],"predecessor-version":[{"id":81,"href":"https:\/\/webnhom4.io.vn\/index.php?rest_route=\/wp\/v2\/pages\/23\/revisions\/81"}],"wp:attachment":[{"href":"https:\/\/webnhom4.io.vn\/index.php?rest_route=%2Fwp%2Fv2%2Fmedia&parent=23"}],"curies":[{"name":"wp","href":"https:\/\/api.w.org\/{rel}","templated":true}]}}